{"id":2782,"date":"2020-12-23T20:12:00","date_gmt":"2020-12-23T20:12:00","guid":{"rendered":"https:\/\/famonterrey.org\/?page_id=2782"},"modified":"2020-12-27T18:15:15","modified_gmt":"2020-12-27T18:15:15","slug":"blog","status":"publish","type":"page","link":"https:\/\/famonterrey.org\/en\/blog\/","title":{"rendered":"Blog"},"content":{"rendered":"<div data-elementor-type=\"wp-page\" data-elementor-id=\"2782\" class=\"elementor elementor-2782\" data-elementor-settings=\"[]\">\n\t\t\t<div class=\"elementor-inner\">\n\t\t\t\t<div class=\"elementor-section-wrap\">\n\t\t\t\t\t\t\t<section class=\"elementor-element elementor-element-330287e elementor-section-boxed elementor-section-height-default elementor-section-height-default elementor-section elementor-top-section\" data-id=\"330287e\" data-element_type=\"section\">\n\t\t\t\t\t\t<div class=\"elementor-container elementor-column-gap-default\">\n\t\t\t\t<div class=\"elementor-row\">\n\t\t\t\t<div class=\"elementor-element elementor-element-cc5822e elementor-column elementor-col-100 elementor-top-column\" data-id=\"cc5822e\" data-element_type=\"column\">\n\t\t\t<div class=\"elementor-column-wrap  elementor-element-populated\">\n\t\t\t\t\t<div class=\"elementor-widget-wrap\">\n\t\t\t\t<div class=\"elementor-element elementor-element-b8abd08 elementor-hidden-tablet elementor-hidden-phone elementor-widget elementor-widget-jet-blog-smart-listing\" data-id=\"b8abd08\" data-element_type=\"widget\" data-widget_type=\"jet-blog-smart-listing.default\">\n\t\t\t\t<div class=\"elementor-widget-container\">\n\t\t\t<div class=\"elementor-jet-blog-smart-listing jet-blog\"><div class=\"jet-smart-listing-wrap\" data-settings='{&quot;block_title&quot;:&quot;&quot;,&quot;title_tag&quot;:&quot;h2&quot;,&quot;featured_post&quot;:&quot;yes&quot;,&quot;featured_position&quot;:&quot;left&quot;,&quot;featured_width&quot;:{&quot;unit&quot;:&quot;%&quot;,&quot;size&quot;:50,&quot;sizes&quot;:[]},&quot;featured_layout&quot;:&quot;boxed&quot;,&quot;featured_image_size&quot;:&quot;full&quot;,&quot;featured_image_position&quot;:null,&quot;featured_image_width&quot;:null,&quot;featured_excerpt_length&quot;:50,&quot;featured_excerpt_trimmed_ending&quot;:&quot;...&quot;,&quot;featured_read_more&quot;:null,&quot;featured_read_more_text&quot;:null,&quot;featured_show_meta&quot;:&quot;yes&quot;,&quot;featured_show_author&quot;:&quot;&quot;,&quot;featured_show_author_icon&quot;:null,&quot;selected_featured_show_author_icon&quot;:null,&quot;featured_show_date&quot;:&quot;yes&quot;,&quot;featured_show_date_icon&quot;:null,&quot;selected_featured_show_date_icon&quot;:{&quot;value&quot;:&quot;fas fa-calendar-alt&quot;,&quot;library&quot;:&quot;fa-solid&quot;},&quot;featured_show_comments&quot;:&quot;&quot;,&quot;featured_show_comments_icon&quot;:null,&quot;selected_featured_show_comments_icon&quot;:null,&quot;posts_columns&quot;:1,&quot;posts_rows&quot;:3,&quot;image_size&quot;:&quot;thumbnail&quot;,&quot;image_position&quot;:&quot;left&quot;,&quot;image_width&quot;:{&quot;unit&quot;:&quot;%&quot;,&quot;size&quot;:50,&quot;sizes&quot;:[]},&quot;excerpt_length&quot;:15,&quot;excerpt_trimmed_ending&quot;:&quot;...&quot;,&quot;read_more&quot;:&quot;yes&quot;,&quot;read_more_text&quot;:&quot;Ver m\\u00e1s&quot;,&quot;show_meta&quot;:&quot;yes&quot;,&quot;show_author&quot;:&quot;&quot;,&quot;show_author_icon&quot;:null,&quot;selected_show_author_icon&quot;:null,&quot;show_date&quot;:&quot;yes&quot;,&quot;show_date_icon&quot;:null,&quot;selected_show_date_icon&quot;:{&quot;value&quot;:&quot;fas fa-calendar-alt&quot;,&quot;library&quot;:&quot;fa-solid&quot;},&quot;show_comments&quot;:&quot;&quot;,&quot;show_comments_icon&quot;:null,&quot;selected_show_comments_icon&quot;:null,&quot;query_by&quot;:&quot;category&quot;,&quot;category_ids&quot;:&quot;&quot;,&quot;post_tag_ids&quot;:null,&quot;include_ids&quot;:null,&quot;exclude_ids&quot;:&quot;&quot;,&quot;custom_query_by&quot;:null,&quot;custom_terms_ids&quot;:null,&quot;meta_query&quot;:&quot;&quot;,&quot;meta_key&quot;:null,&quot;meta_value&quot;:null,&quot;show_filter&quot;:&quot;yes&quot;,&quot;filter_by&quot;:&quot;category&quot;,&quot;show_all_btn&quot;:&quot;yes&quot;,&quot;all_btn_label&quot;:&quot;Todos&quot;,&quot;more_terms_icon&quot;:null,&quot;selected_more_terms_icon&quot;:null,&quot;show_arrows&quot;:&quot;yes&quot;,&quot;arrow_type&quot;:&quot;fa fa-chevron-left&quot;,&quot;show_featured_terms&quot;:&quot;&quot;,&quot;show_featured_terms_tax&quot;:null,&quot;show_terms&quot;:&quot;&quot;,&quot;show_terms_tax&quot;:null,&quot;featured_meta_position&quot;:&quot;after&quot;,&quot;meta_position&quot;:&quot;after&quot;,&quot;show_image&quot;:&quot;yes&quot;,&quot;post_type&quot;:&quot;post&quot;,&quot;post_ids&quot;:null,&quot;content_related_meta&quot;:null,&quot;show_content_related_meta&quot;:&quot;&quot;,&quot;meta_content_related_position&quot;:null,&quot;title_related_meta&quot;:null,&quot;show_title_related_meta&quot;:&quot;&quot;,&quot;meta_title_related_position&quot;:null,&quot;featured_title_length&quot;:0,&quot;title_length&quot;:0,&quot;add_button_icon&quot;:&quot;&quot;,&quot;button_icon&quot;:null,&quot;selected_button_icon&quot;:null,&quot;post_add_button_icon&quot;:&quot;&quot;,&quot;post_button_icon&quot;:null,&quot;selected_post_button_icon&quot;:null,&quot;use_custom_query&quot;:&quot;&quot;,&quot;custom_query&quot;:null,&quot;posts_offset&quot;:0,&quot;order&quot;:&quot;DESC&quot;,&quot;order_by&quot;:&quot;date&quot;}' data-page=\"1\" data-term=\"0\">\n\t<div class=\"jet-smart-listing__heading\"><span class=\"jet-smart-listing__title-placeholder\"><\/span><div class=\"jet-smart-listing__filter\" data-more=\"{&quot;icon&quot;:null,&quot;className&quot;:&quot;jet-smart-listing__filter-item jet-smart-listing__filter-more jet-blog-icon&quot;}\" data-rollup=\"\"><div class=\"jet-smart-listing__filter-item\"><a href=\"#\" data-term=\"0\">ALL<\/a><\/div><div class=\"jet-smart-listing__filter-item\"><a href=\"#\" data-term=\"17\">Beekeeping<\/a><\/div><div class=\"jet-smart-listing__filter-item\"><a href=\"#\" data-term=\"27\">Conscience<\/a><\/div><div class=\"jet-smart-listing__filter-item\"><a href=\"#\" data-term=\"14\">Ancestral culture<\/a><\/div><div class=\"jet-smart-listing__filter-item\"><a href=\"#\" data-term=\"15\">Sustainable Development<\/a><\/div><div class=\"jet-smart-listing__filter-item\"><a href=\"#\" data-term=\"28\">Flora and Fauna<\/a><\/div><div class=\"jet-smart-listing__filter-item\"><a href=\"#\" data-term=\"23\">Principles of Being<\/a><\/div><\/div><\/div>\n\t<div class=\"jet-smart-listing columns-1 rows-3 has-featured-position-left\">\t<div class=\"jet-smart-listing__featured featured-layout-boxed featured-position-left has-post-thumb\" style=\"background-image: url('https:\/\/famonterrey.org\/wp-content\/uploads\/2021\/10\/WhatsApp-Image-2021-10-08-at-5.26.07-PM-1.jpeg')\">\n\t<a href=\"https:\/\/famonterrey.org\/en\/2021\/10\/de-la-mano-con-el-deporte\/\" class=\"jet-smart-listing__featured-box-link\"><div class=\"jet-smart-listing__featured-content\"><div class=\"jet-smart-listing__post-title post-title-featured\">De la mano con el deporte<\/div><div class=\"jet-smart-listing__meta\"><span class=\"post__date post-meta__item jet-smart-listing__meta-item\"><span class=\"jet-smart-listing__meta-icon jet-blog-icon\"><i aria-hidden=\"true\" class=\"fas fa-calendar-alt\"><\/i><\/span><span  class=\"post__date-link\" ><time datetime=\"2021-10-11T22:13:40+00:00\" title=\"2021-10-11T22:13:40+00:00\">11 de October de 2021<\/time><\/span><\/span><\/div><div class=\"jet-smart-listing__post-excerpt post-excerpt-featured\">De la mano con el deporte A trav\u00e9s del deporte se expresa lo que muchos Hombres y Mujeres traen por dentro. Es por esto por lo que la Fundaci\u00f3n Agroambiental Monterrey, se pone la mano en el coraz\u00f3n, para darle apoyo a m\u00faltiples deportistas del pa\u00eds, carentes de apoyo para&nbsp;...<\/div><\/div><\/a>\t<\/div>\n\t<div class=\"jet-smart-listing__posts\">\n\t\t\t\t<div class=\"jet-smart-listing__post-wrapper\">\n\t\t\t\t<div class=\"jet-smart-listing__post has-post-thumb has-thumb-postion-left\">\n\t\t\t\t\t\t\t\t\t\t<div class=\"jet-smart-listing__post-thumbnail post-thumbnail-simple\"><a href=\"https:\/\/famonterrey.org\/en\/2021\/09\/trabajamos-para-vivir\/\"><img width=\"150\" height=\"150\" src=\"https:\/\/famonterrey.org\/wp-content\/uploads\/2021\/09\/descarga-150x150.jpeg\" class=\"jet-smart-listing__post-thumbnail-img post-thumbnail-img-simple wp-post-image\" alt=\"TRABAJAMOS PARA VIVIR\" loading=\"lazy\" \/><\/a><\/div>\t\t\t\t\t<div class=\"jet-smart-listing__post-content\"><div class=\"jet-smart-listing__post-title post-title-simple\"><a href=\"https:\/\/famonterrey.org\/en\/2021\/09\/trabajamos-para-vivir\/\">TRABAJAMOS PARA VIVIR<\/a><\/div><div class=\"jet-smart-listing__meta\"><span class=\"post__date post-meta__item jet-smart-listing__meta-item\"><span class=\"jet-smart-listing__meta-icon jet-blog-icon\"><i aria-hidden=\"true\" class=\"fas fa-calendar-alt\"><\/i><\/span><a href=\"https:\/\/famonterrey.org\/en\/2021\/09\/27\/\"  class=\"post__date-link\" ><time datetime=\"2021-09-27T15:35:25+00:00\" title=\"2021-09-27T15:35:25+00:00\">27 de September de 2021<\/time><\/a><\/span><\/div><div class=\"jet-smart-listing__post-excerpt post-excerpt-simple\">Esa es nuestra labor. Vivir para ser felices. Felicidad que el Ser Humano alcanzar\u00e1, a...<\/div><div class=\"jet-smart-listing__more-wrap\"><a href=\"https:\/\/famonterrey.org\/en\/2021\/09\/trabajamos-para-vivir\/\" class=\"jet-smart-listing__more simple-more elementor-button elementor-size-md\"><span class=\"jet-smart-listing__more-text\">Read More<\/span><\/a><\/div><\/div>\n\t\t\t\t<\/div>\n\t\t\t<\/div>\n\t\t\t\t\t\t<div class=\"jet-smart-listing__post-wrapper\">\n\t\t\t\t<div class=\"jet-smart-listing__post has-post-thumb has-thumb-postion-left\">\n\t\t\t\t\t\t\t\t\t\t<div class=\"jet-smart-listing__post-thumbnail post-thumbnail-simple\"><a href=\"https:\/\/famonterrey.org\/en\/2021\/06\/esparciendo-la-energia-sin-fin\/\"><img width=\"150\" height=\"150\" src=\"https:\/\/famonterrey.org\/wp-content\/uploads\/2021\/06\/man-walking-into-the-woods-with-sunlight-free-photo-150x150.jpeg\" class=\"jet-smart-listing__post-thumbnail-img post-thumbnail-img-simple wp-post-image\" alt=\"ESPARCIENDO LA ENERGIA SIN FIN\" loading=\"lazy\" \/><\/a><\/div>\t\t\t\t\t<div class=\"jet-smart-listing__post-content\"><div class=\"jet-smart-listing__post-title post-title-simple\"><a href=\"https:\/\/famonterrey.org\/en\/2021\/06\/esparciendo-la-energia-sin-fin\/\">ESPARCIENDO LA ENERGIA SIN FIN<\/a><\/div><div class=\"jet-smart-listing__meta\"><span class=\"post__date post-meta__item jet-smart-listing__meta-item\"><span class=\"jet-smart-listing__meta-icon jet-blog-icon\"><i aria-hidden=\"true\" class=\"fas fa-calendar-alt\"><\/i><\/span><a href=\"https:\/\/famonterrey.org\/en\/2021\/06\/05\/\"  class=\"post__date-link\" ><time datetime=\"2021-06-05T13:41:41+00:00\" title=\"2021-06-05T13:41:41+00:00\">5 de June de 2021<\/time><\/a><\/span><\/div><div class=\"jet-smart-listing__post-excerpt post-excerpt-simple\">Todo lo que hacemos en nuestra FUNDACION, es bajo la energ\u00eda luz del UNIVERSO, conservando...<\/div><div class=\"jet-smart-listing__more-wrap\"><a href=\"https:\/\/famonterrey.org\/en\/2021\/06\/esparciendo-la-energia-sin-fin\/\" class=\"jet-smart-listing__more simple-more elementor-button elementor-size-md\"><span class=\"jet-smart-listing__more-text\">Read More<\/span><\/a><\/div><\/div>\n\t\t\t\t<\/div>\n\t\t\t<\/div>\n\t\t\t\t\t\t<div class=\"jet-smart-listing__post-wrapper\">\n\t\t\t\t<div class=\"jet-smart-listing__post has-post-thumb has-thumb-postion-left\">\n\t\t\t\t\t\t\t\t\t\t<div class=\"jet-smart-listing__post-thumbnail post-thumbnail-simple\"><a href=\"https:\/\/famonterrey.org\/en\/2021\/04\/sembrando-vida\/\"><img width=\"150\" height=\"150\" src=\"https:\/\/famonterrey.org\/wp-content\/uploads\/2021\/02\/BYN_7446-1024x683ne-150x150.jpg\" class=\"jet-smart-listing__post-thumbnail-img post-thumbnail-img-simple wp-post-image\" alt=\"SEMBRANDO VIDA\" loading=\"lazy\" \/><\/a><\/div>\t\t\t\t\t<div class=\"jet-smart-listing__post-content\"><div class=\"jet-smart-listing__post-title post-title-simple\"><a href=\"https:\/\/famonterrey.org\/en\/2021\/04\/sembrando-vida\/\">SEMBRANDO VIDA<\/a><\/div><div class=\"jet-smart-listing__meta\"><span class=\"post__date post-meta__item jet-smart-listing__meta-item\"><span class=\"jet-smart-listing__meta-icon jet-blog-icon\"><i aria-hidden=\"true\" class=\"fas fa-calendar-alt\"><\/i><\/span><a href=\"https:\/\/famonterrey.org\/en\/2021\/04\/12\/\"  class=\"post__date-link\" ><time datetime=\"2021-04-12T15:32:44+00:00\" title=\"2021-04-12T15:32:44+00:00\">12 de April de 2021<\/time><\/a><\/span><\/div><div class=\"jet-smart-listing__post-excerpt post-excerpt-simple\">La vida lleg\u00f3 al ser humano por medio de una semilla, venida del coraz\u00f3n central...<\/div><div class=\"jet-smart-listing__more-wrap\"><a href=\"https:\/\/famonterrey.org\/en\/2021\/04\/sembrando-vida\/\" class=\"jet-smart-listing__more simple-more elementor-button elementor-size-md\"><span class=\"jet-smart-listing__more-text\">Read More<\/span><\/a><\/div><\/div>\n\t\t\t\t<\/div>\n\t\t\t<\/div>\n\t\t\t<\/div>\n<\/div>\n\t<div class=\"jet-smart-listing__arrows\" data-scroll-top=\"1\"><div class=\"jet-smart-listing__arrow jet-arrow-prev jet-arrow-disabled\" data-dir=\"prev\"><i class=\"fas fa-chevron-left\"><\/i><\/div><div class=\"jet-smart-listing__arrow jet-arrow-next\" data-dir=\"next\"><i class=\"fas fa-chevron-left\"><\/i><\/div><\/div><\/div>\n<div class=\"jet-smart-listing-loading\"><\/div><\/div>\t\t<\/div>\n\t\t\t\t<\/div>\n\t\t\t\t\t\t<\/div>\n\t\t\t<\/div>\n\t\t<\/div>\n\t\t\t\t\t\t<\/div>\n\t\t\t<\/div>\n\t\t<\/section>\n\t\t\t\t<section class=\"elementor-element elementor-element-a1adcf9 elementor-hidden-desktop elementor-section-boxed elementor-section-height-default elementor-section-height-default elementor-section elementor-top-section\" data-id=\"a1adcf9\" data-element_type=\"section\">\n\t\t\t\t\t\t<div class=\"elementor-container elementor-column-gap-default\">\n\t\t\t\t<div class=\"elementor-row\">\n\t\t\t\t<div class=\"elementor-element elementor-element-b9a8439 elementor-column elementor-col-100 elementor-top-column\" data-id=\"b9a8439\" data-element_type=\"column\">\n\t\t\t<div class=\"elementor-column-wrap  elementor-element-populated\">\n\t\t\t\t\t<div class=\"elementor-widget-wrap\">\n\t\t\t\t<div class=\"elementor-element elementor-element-339baad elementor-widget elementor-widget-jet-blog-smart-tiles\" data-id=\"339baad\" data-element_type=\"widget\" data-widget_type=\"jet-blog-smart-tiles.default\">\n\t\t\t\t<div class=\"elementor-widget-container\">\n\t\t\t<div class=\"elementor-jet-blog-smart-tiles jet-blog\"><div class=\"jet-smart-tiles-wrap\" data-slider-atts='{\"adaptiveHeight\":true,\"arrows\":false,\"prevArrow\":\"<i class=\\\"fas fa-angle-left jet-arrow-prev jet-blog-arrow\\\"><\\\/i>\",\"nextArrow\":\"<i class=\\\"fas fa-angle-left jet-arrow-next jet-blog-arrow\\\"><\\\/i>\",\"autoplay\":false,\"autoplaySpeed\":5000,\"rtl\":false}' dir=\"ltr\"><div class=\"jet-smart-tiles-slide\"><div class=\"jet-smart-tiles-slide__wrap layout-2-1-2\"><div class=\"jet-smart-tiles\">\n\t<div class=\"jet-smart-tiles__box\" style=\"background-image:url('https:\/\/famonterrey.org\/wp-content\/uploads\/2021\/10\/WhatsApp-Image-2021-10-08-at-5.26.07-PM-1.jpeg')\">\n\t\t<div class=\"jet-smart-tiles__terms\"><a href=\"https:\/\/famonterrey.org\/en\/category\/principios-del-ser\/\" class=\"jet-smart-tiles__terms-link jet-smart-tiles__terms-link--23\">Principles of Being<\/a><\/div>\t\t<div class=\"jet-smart-tiles__box-content\">\n\t\t\t<div class=\"jet-smart-tiles__box-content-inner\">\n\t\t\t\t<div class=\"jet-smart-tiles__meta\"><span class=\"post__date post-meta__item jet-smart-tiles__meta-item\"><span class=\"jet-smart-tiles__meta-icon jet-blog-icon\"><i aria-hidden=\"true\" class=\"fas fa-calendar-alt\"><\/i><\/span><span  class=\"post__date-link\" ><time datetime=\"2021-10-11T22:13:40+00:00\" title=\"2021-10-11T22:13:40+00:00\">11 de October de 2021<\/time><\/span><\/span><\/div>\t\t\t\t\t\t\t\t<div class=\"jet-smart-tiles__box-title\">De la mano con el deporte<\/div>\t\t\t\t\t\t\t\t\t\t\t\t<div class=\"jet-smart-tiles__box-excerpt\">De la mano con el deporte A trav\u00e9s del deporte...<\/div>\t\t\t\t\t\t\t<\/div>\n\t\t<\/div>\n\t\t<a href=\"https:\/\/famonterrey.org\/en\/2021\/10\/de-la-mano-con-el-deporte\/\" class=\"jet-smart-tiles__box-link\" aria-label=\"De la mano con el deporte\"><\/a>\n\t<\/div>\n<\/div><div class=\"jet-smart-tiles\">\n\t<div class=\"jet-smart-tiles__box\" style=\"background-image:url('https:\/\/famonterrey.org\/wp-content\/uploads\/2021\/09\/descarga.jpeg')\">\n\t\t<div class=\"jet-smart-tiles__terms\"><a href=\"https:\/\/famonterrey.org\/en\/category\/cultura\/\" class=\"jet-smart-tiles__terms-link jet-smart-tiles__terms-link--14\">Ancestral culture<\/a><\/div>\t\t<div class=\"jet-smart-tiles__box-content\">\n\t\t\t<div class=\"jet-smart-tiles__box-content-inner\">\n\t\t\t\t<div class=\"jet-smart-tiles__meta\"><span class=\"post__date post-meta__item jet-smart-tiles__meta-item\"><span class=\"jet-smart-tiles__meta-icon jet-blog-icon\"><i aria-hidden=\"true\" class=\"fas fa-calendar-alt\"><\/i><\/span><span  class=\"post__date-link\" ><time datetime=\"2021-09-27T15:35:25+00:00\" title=\"2021-09-27T15:35:25+00:00\">27 de September de 2021<\/time><\/span><\/span><\/div>\t\t\t\t\t\t\t\t<div class=\"jet-smart-tiles__box-title\">TRABAJAMOS PARA VIVIR<\/div>\t\t\t\t\t\t\t\t\t\t\t\t<div class=\"jet-smart-tiles__box-excerpt\">Esa es nuestra labor. Vivir para ser felices. Felicidad que...<\/div>\t\t\t\t\t\t\t<\/div>\n\t\t<\/div>\n\t\t<a href=\"https:\/\/famonterrey.org\/en\/2021\/09\/trabajamos-para-vivir\/\" class=\"jet-smart-tiles__box-link\" aria-label=\"TRABAJAMOS PARA VIVIR\"><\/a>\n\t<\/div>\n<\/div><div class=\"jet-smart-tiles\">\n\t<div class=\"jet-smart-tiles__box\" style=\"background-image:url('https:\/\/famonterrey.org\/wp-content\/uploads\/2021\/06\/man-walking-into-the-woods-with-sunlight-free-photo.jpeg')\">\n\t\t<div class=\"jet-smart-tiles__terms\"><a href=\"https:\/\/famonterrey.org\/en\/category\/principios-del-ser\/\" class=\"jet-smart-tiles__terms-link jet-smart-tiles__terms-link--23\">Principles of Being<\/a><\/div>\t\t<div class=\"jet-smart-tiles__box-content\">\n\t\t\t<div class=\"jet-smart-tiles__box-content-inner\">\n\t\t\t\t<div class=\"jet-smart-tiles__meta\"><span class=\"post__date post-meta__item jet-smart-tiles__meta-item\"><span class=\"jet-smart-tiles__meta-icon jet-blog-icon\"><i aria-hidden=\"true\" class=\"fas fa-calendar-alt\"><\/i><\/span><span  class=\"post__date-link\" ><time datetime=\"2021-06-05T13:41:41+00:00\" title=\"2021-06-05T13:41:41+00:00\">5 de June de 2021<\/time><\/span><\/span><\/div>\t\t\t\t\t\t\t\t<div class=\"jet-smart-tiles__box-title\">ESPARCIENDO LA ENERGIA SIN FIN<\/div>\t\t\t\t\t\t\t\t\t\t\t\t<div class=\"jet-smart-tiles__box-excerpt\">Todo lo que hacemos en nuestra FUNDACION, es bajo la...<\/div>\t\t\t\t\t\t\t<\/div>\n\t\t<\/div>\n\t\t<a href=\"https:\/\/famonterrey.org\/en\/2021\/06\/esparciendo-la-energia-sin-fin\/\" class=\"jet-smart-tiles__box-link\" aria-label=\"ESPARCIENDO LA ENERGIA SIN FIN\"><\/a>\n\t<\/div>\n<\/div><div class=\"jet-smart-tiles\">\n\t<div class=\"jet-smart-tiles__box\" style=\"background-image:url('https:\/\/famonterrey.org\/wp-content\/uploads\/2021\/02\/BYN_7446-1024x683ne.jpg')\">\n\t\t<div class=\"jet-smart-tiles__terms\"><a href=\"https:\/\/famonterrey.org\/en\/category\/fauna-flora\/\" class=\"jet-smart-tiles__terms-link jet-smart-tiles__terms-link--28\">Flora and Fauna<\/a><\/div>\t\t<div class=\"jet-smart-tiles__box-content\">\n\t\t\t<div class=\"jet-smart-tiles__box-content-inner\">\n\t\t\t\t<div class=\"jet-smart-tiles__meta\"><span class=\"post__date post-meta__item jet-smart-tiles__meta-item\"><span class=\"jet-smart-tiles__meta-icon jet-blog-icon\"><i aria-hidden=\"true\" class=\"fas fa-calendar-alt\"><\/i><\/span><span  class=\"post__date-link\" ><time datetime=\"2021-04-12T15:32:44+00:00\" title=\"2021-04-12T15:32:44+00:00\">12 de April de 2021<\/time><\/span><\/span><\/div>\t\t\t\t\t\t\t\t<div class=\"jet-smart-tiles__box-title\">SEMBRANDO VIDA<\/div>\t\t\t\t\t\t\t\t\t\t\t\t<div class=\"jet-smart-tiles__box-excerpt\">La vida lleg\u00f3 al ser humano por medio de una...<\/div>\t\t\t\t\t\t\t<\/div>\n\t\t<\/div>\n\t\t<a href=\"https:\/\/famonterrey.org\/en\/2021\/04\/sembrando-vida\/\" class=\"jet-smart-tiles__box-link\" aria-label=\"SEMBRANDO VIDA\"><\/a>\n\t<\/div>\n<\/div><div class=\"jet-smart-tiles\">\n\t<div class=\"jet-smart-tiles__box\" style=\"background-image:url('https:\/\/famonterrey.org\/wp-content\/uploads\/2021\/03\/IMG-20210320-WA0014.jpg')\">\n\t\t<div class=\"jet-smart-tiles__terms\"><a href=\"https:\/\/famonterrey.org\/en\/category\/cultura\/\" class=\"jet-smart-tiles__terms-link jet-smart-tiles__terms-link--14\">Ancestral culture<\/a><\/div>\t\t<div class=\"jet-smart-tiles__box-content\">\n\t\t\t<div class=\"jet-smart-tiles__box-content-inner\">\n\t\t\t\t<div class=\"jet-smart-tiles__meta\"><span class=\"post__date post-meta__item jet-smart-tiles__meta-item\"><span class=\"jet-smart-tiles__meta-icon jet-blog-icon\"><i aria-hidden=\"true\" class=\"fas fa-calendar-alt\"><\/i><\/span><span  class=\"post__date-link\" ><time datetime=\"2021-03-29T15:00:00+00:00\" title=\"2021-03-29T15:00:00+00:00\">29 de March de 2021<\/time><\/span><\/span><\/div>\t\t\t\t\t\t\t\t<div class=\"jet-smart-tiles__box-title\">MONTERREY PRELUDE<\/div>\t\t\t\t\t\t\t\t\t\t\t\t<div class=\"jet-smart-tiles__box-excerpt\">Este hermoso sue\u00f1o naci\u00f3 desde el coraz\u00f3n de un esp\u00edritu...<\/div>\t\t\t\t\t\t\t<\/div>\n\t\t<\/div>\n\t\t<a href=\"https:\/\/famonterrey.org\/en\/2021\/03\/preludio-monterrey\/\" class=\"jet-smart-tiles__box-link\" aria-label=\"MONTERREY PRELUDE\"><\/a>\n\t<\/div>\n<\/div><\/div><\/div><\/div><\/div>\t\t<\/div>\n\t\t\t\t<\/div>\n\t\t\t\t\t\t<\/div>\n\t\t\t<\/div>\n\t\t<\/div>\n\t\t\t\t\t\t<\/div>\n\t\t\t<\/div>\n\t\t<\/section>\n\t\t\t\t\t\t<\/div>\n\t\t\t<\/div>\n\t\t<\/div>","protected":false},"excerpt":{"rendered":"<p>TodosApiculturaPrincipios del serSin categor\u00eda Panal de Abejas16 de diciembre de 2020Un panal es una estructura formada por celdillas de cera que comparten paredes en com\u00fan construida por las abejas mel\u00edferas para contener sus larvas y acopiar miel y polen dentro de la colmena.1\u200b2\u200b Esta capacidad se debe a que las obreras cuentan con gl\u00e1ndulas cereras [&hellip;]<\/p>","protected":false},"author":1,"featured_media":0,"parent":0,"menu_order":0,"comment_status":"closed","ping_status":"closed","template":"","meta":[],"_links":{"self":[{"href":"https:\/\/famonterrey.org\/en\/wp-json\/wp\/v2\/pages\/2782"}],"collection":[{"href":"https:\/\/famonterrey.org\/en\/wp-json\/wp\/v2\/pages"}],"about":[{"href":"https:\/\/famonterrey.org\/en\/wp-json\/wp\/v2\/types\/page"}],"author":[{"embeddable":true,"href":"https:\/\/famonterrey.org\/en\/wp-json\/wp\/v2\/users\/1"}],"replies":[{"embeddable":true,"href":"https:\/\/famonterrey.org\/en\/wp-json\/wp\/v2\/comments?post=2782"}],"version-history":[{"count":15,"href":"https:\/\/famonterrey.org\/en\/wp-json\/wp\/v2\/pages\/2782\/revisions"}],"predecessor-version":[{"id":2815,"href":"https:\/\/famonterrey.org\/en\/wp-json\/wp\/v2\/pages\/2782\/revisions\/2815"}],"wp:attachment":[{"href":"https:\/\/famonterrey.org\/en\/wp-json\/wp\/v2\/media?parent=2782"}],"curies":[{"name":"wp","href":"https:\/\/api.w.org\/{rel}","templated":true}]}}