{"id":1383,"date":"2020-12-10T07:31:59","date_gmt":"2020-12-10T07:31:59","guid":{"rendered":"https:\/\/famonterrey.org\/?page_id=1383"},"modified":"2021-11-09T19:02:50","modified_gmt":"2021-11-09T19:02:50","slug":"aves","status":"publish","type":"page","link":"https:\/\/famonterrey.org\/en\/fauna-flora\/aves\/","title":{"rendered":"BIRDS"},"content":{"rendered":"<div data-elementor-type=\"wp-page\" data-elementor-id=\"1383\" class=\"elementor elementor-1383\" data-elementor-settings=\"[]\">\n\t\t\t<div class=\"elementor-inner\">\n\t\t\t\t<div class=\"elementor-section-wrap\">\n\t\t\t\t\t\t\t<section class=\"elementor-element elementor-element-046b0ea elementor-hidden-tablet elementor-hidden-phone elementor-section-boxed elementor-section-height-default elementor-section-height-default elementor-section elementor-top-section\" data-id=\"046b0ea\" data-element_type=\"section\">\n\t\t\t\t\t\t<div class=\"elementor-container elementor-column-gap-default\">\n\t\t\t\t<div class=\"elementor-row\">\n\t\t\t\t<div class=\"elementor-element elementor-element-f6677ad elementor-column elementor-col-50 elementor-top-column\" data-id=\"f6677ad\" data-element_type=\"column\">\n\t\t\t<div class=\"elementor-column-wrap  elementor-element-populated\">\n\t\t\t\t\t<div class=\"elementor-widget-wrap\">\n\t\t\t\t<div class=\"elementor-element elementor-element-7efbce9 elementor-widget elementor-widget-image\" data-id=\"7efbce9\" data-element_type=\"widget\" data-widget_type=\"image.default\">\n\t\t\t\t<div class=\"elementor-widget-container\">\n\t\t\t\t\t<div class=\"elementor-image\">\n\t\t\t\t\t\t\t\t\t\t<img width=\"300\" height=\"300\" src=\"https:\/\/famonterrey.org\/wp-content\/uploads\/2020\/12\/Recurso-4-300x300.png\" class=\"attachment-medium size-medium\" alt=\"\" loading=\"lazy\" srcset=\"https:\/\/famonterrey.org\/wp-content\/uploads\/2020\/12\/Recurso-4-300x300.png 300w, https:\/\/famonterrey.org\/wp-content\/uploads\/2020\/12\/Recurso-4-150x150.png 150w, https:\/\/famonterrey.org\/wp-content\/uploads\/2020\/12\/Recurso-4.png 628w\" sizes=\"(max-width: 300px) 100vw, 300px\" \/>\t\t\t\t\t\t\t\t\t\t\t<\/div>\n\t\t\t\t<\/div>\n\t\t\t\t<\/div>\n\t\t\t\t\t\t<\/div>\n\t\t\t<\/div>\n\t\t<\/div>\n\t\t\t\t<div class=\"elementor-element elementor-element-dc85305 elementor-column elementor-col-50 elementor-top-column\" data-id=\"dc85305\" data-element_type=\"column\">\n\t\t\t<div class=\"elementor-column-wrap  elementor-element-populated\">\n\t\t\t\t\t<div class=\"elementor-widget-wrap\">\n\t\t\t\t<div class=\"elementor-element elementor-element-b6b47ca elementor-aspect-ratio-169 elementor-widget elementor-widget-video\" data-id=\"b6b47ca\" data-element_type=\"widget\" data-settings=\"{&quot;aspect_ratio&quot;:&quot;169&quot;}\" data-widget_type=\"video.default\">\n\t\t\t\t<div class=\"elementor-widget-container\">\n\t\t\t\t\t<div class=\"elementor-wrapper elementor-fit-aspect-ratio elementor-open-inline\">\n\t\t\t<iframe class=\"elementor-video-iframe\" allowfullscreen title=\"youtube Video Player\" src=\"https:\/\/www.youtube-nocookie.com\/embed\/B-3qH19yYK0?feature=oembed&amp;autoplay=1&amp;playsinline=1&amp;playlist=B-3qH19yYK0&amp;wmode=opaque&amp;loop=1&amp;controls=0&amp;mute=1&amp;rel=0&amp;modestbranding=0\"><\/iframe>\t\t<\/div>\n\t\t\t\t<\/div>\n\t\t\t\t<\/div>\n\t\t\t\t\t\t<\/div>\n\t\t\t<\/div>\n\t\t<\/div>\n\t\t\t\t\t\t<\/div>\n\t\t\t<\/div>\n\t\t<\/section>\n\t\t\t\t<section class=\"elementor-element elementor-element-b57b571 elementor-hidden-desktop elementor-hidden-tablet elementor-section-boxed elementor-section-height-default elementor-section-height-default elementor-section elementor-top-section\" data-id=\"b57b571\" data-element_type=\"section\">\n\t\t\t\t\t\t<div class=\"elementor-container elementor-column-gap-default\">\n\t\t\t\t<div class=\"elementor-row\">\n\t\t\t\t<div class=\"elementor-element elementor-element-36ffea2 elementor-column elementor-col-100 elementor-top-column\" data-id=\"36ffea2\" data-element_type=\"column\">\n\t\t\t<div class=\"elementor-column-wrap  elementor-element-populated\">\n\t\t\t\t\t<div class=\"elementor-widget-wrap\">\n\t\t\t\t<div class=\"elementor-element elementor-element-bb5c75c elementor-widget elementor-widget-image\" data-id=\"bb5c75c\" data-element_type=\"widget\" data-widget_type=\"image.default\">\n\t\t\t\t<div class=\"elementor-widget-container\">\n\t\t\t\t\t<div class=\"elementor-image\">\n\t\t\t\t\t\t\t\t\t\t<img width=\"150\" height=\"150\" src=\"https:\/\/famonterrey.org\/wp-content\/uploads\/2020\/12\/Recurso-4-150x150.png\" class=\"attachment-thumbnail size-thumbnail\" alt=\"\" loading=\"lazy\" srcset=\"https:\/\/famonterrey.org\/wp-content\/uploads\/2020\/12\/Recurso-4-150x150.png 150w, https:\/\/famonterrey.org\/wp-content\/uploads\/2020\/12\/Recurso-4-300x300.png 300w, https:\/\/famonterrey.org\/wp-content\/uploads\/2020\/12\/Recurso-4.png 628w\" sizes=\"(max-width: 150px) 100vw, 150px\" \/>\t\t\t\t\t\t\t\t\t\t\t<\/div>\n\t\t\t\t<\/div>\n\t\t\t\t<\/div>\n\t\t\t\t\t\t<\/div>\n\t\t\t<\/div>\n\t\t<\/div>\n\t\t\t\t\t\t<\/div>\n\t\t\t<\/div>\n\t\t<\/section>\n\t\t\t\t<section class=\"elementor-element elementor-element-4a647a6 elementor-hidden-tablet elementor-hidden-phone elementor-section-boxed elementor-section-height-default elementor-section-height-default elementor-section elementor-top-section\" data-id=\"4a647a6\" data-element_type=\"section\">\n\t\t\t\t\t\t<div class=\"elementor-container elementor-column-gap-default\">\n\t\t\t\t<div class=\"elementor-row\">\n\t\t\t\t<div class=\"elementor-element elementor-element-bef3ac2 elementor-column elementor-col-100 elementor-top-column\" data-id=\"bef3ac2\" data-element_type=\"column\">\n\t\t\t<div class=\"elementor-column-wrap  elementor-element-populated\">\n\t\t\t\t\t<div class=\"elementor-widget-wrap\">\n\t\t\t\t<div class=\"elementor-element elementor-element-a02652a elementor-widget elementor-widget-image\" data-id=\"a02652a\" data-element_type=\"widget\" data-widget_type=\"image.default\">\n\t\t\t\t<div class=\"elementor-widget-container\">\n\t\t\t\t\t<div class=\"elementor-image\">\n\t\t\t\t\t\t\t\t\t\t<img width=\"1682\" height=\"29\" src=\"https:\/\/famonterrey.org\/wp-content\/uploads\/2020\/12\/Recurso-1.png\" class=\"attachment-full size-full\" alt=\"\" loading=\"lazy\" srcset=\"https:\/\/famonterrey.org\/wp-content\/uploads\/2020\/12\/Recurso-1.png 1682w, https:\/\/famonterrey.org\/wp-content\/uploads\/2020\/12\/Recurso-1-300x5.png 300w, https:\/\/famonterrey.org\/wp-content\/uploads\/2020\/12\/Recurso-1-1024x18.png 1024w, https:\/\/famonterrey.org\/wp-content\/uploads\/2020\/12\/Recurso-1-768x13.png 768w, https:\/\/famonterrey.org\/wp-content\/uploads\/2020\/12\/Recurso-1-1536x26.png 1536w\" sizes=\"(max-width: 1682px) 100vw, 1682px\" \/>\t\t\t\t\t\t\t\t\t\t\t<\/div>\n\t\t\t\t<\/div>\n\t\t\t\t<\/div>\n\t\t\t\t\t\t<\/div>\n\t\t\t<\/div>\n\t\t<\/div>\n\t\t\t\t\t\t<\/div>\n\t\t\t<\/div>\n\t\t<\/section>\n\t\t\t\t<section class=\"elementor-element elementor-element-17524ba elementor-section-boxed elementor-section-height-default elementor-section-height-default elementor-section elementor-top-section\" data-id=\"17524ba\" data-element_type=\"section\">\n\t\t\t\t\t\t<div class=\"elementor-container elementor-column-gap-default\">\n\t\t\t\t<div class=\"elementor-row\">\n\t\t\t\t<div class=\"elementor-element elementor-element-d811077 elementor-column elementor-col-100 elementor-top-column\" data-id=\"d811077\" data-element_type=\"column\">\n\t\t\t<div class=\"elementor-column-wrap  elementor-element-populated\">\n\t\t\t\t\t<div class=\"elementor-widget-wrap\">\n\t\t\t\t<div class=\"elementor-element elementor-element-463a531 elementor-widget elementor-widget-text-editor\" data-id=\"463a531\" data-element_type=\"widget\" data-widget_type=\"text-editor.default\">\n\t\t\t\t<div class=\"elementor-widget-container\">\n\t\t\t\t\t<div class=\"elementor-text-editor elementor-clearfix\"><p>Si deseas tener una gran experiencia.<\/p><p>ven y disfruta los maravillosos sonidos que puede ofrecerte las aves y la naturaleza en un espacio pensado para todos.<\/p><p>si deseas pasar un rato agradable con un guia especializado en el tema, no dudes en escribirnos para organizar tu tour .\u00a0\u00a0<\/p><\/div>\n\t\t\t\t<\/div>\n\t\t\t\t<\/div>\n\t\t\t\t\t\t<\/div>\n\t\t\t<\/div>\n\t\t<\/div>\n\t\t\t\t\t\t<\/div>\n\t\t\t<\/div>\n\t\t<\/section>\n\t\t\t\t<section class=\"elementor-element elementor-element-f38d9f1 elementor-section-boxed elementor-section-height-default elementor-section-height-default elementor-section elementor-top-section\" data-id=\"f38d9f1\" data-element_type=\"section\">\n\t\t\t\t\t\t<div class=\"elementor-container elementor-column-gap-default\">\n\t\t\t\t<div class=\"elementor-row\">\n\t\t\t\t<div class=\"elementor-element elementor-element-4686c8e elementor-column elementor-col-33 elementor-top-column\" data-id=\"4686c8e\" data-element_type=\"column\">\n\t\t\t<div class=\"elementor-column-wrap  elementor-element-populated\">\n\t\t\t\t\t<div class=\"elementor-widget-wrap\">\n\t\t\t\t<div class=\"elementor-element elementor-element-6c3170f elementor-widget elementor-widget-text-editor\" data-id=\"6c3170f\" data-element_type=\"widget\" data-widget_type=\"text-editor.default\">\n\t\t\t\t<div class=\"elementor-widget-container\">\n\t\t\t\t\t<div class=\"elementor-text-editor elementor-clearfix\"><h2><strong>BARRANQUERO<\/strong><\/h2><p>MOMUTUS MOMOTA AEQUATORIALIS<\/p><\/div>\n\t\t\t\t<\/div>\n\t\t\t\t<\/div>\n\t\t\t\t<div class=\"elementor-element elementor-element-cd34b12 elementor-widget elementor-widget-image\" data-id=\"cd34b12\" data-element_type=\"widget\" data-widget_type=\"image.default\">\n\t\t\t\t<div class=\"elementor-widget-container\">\n\t\t\t\t\t<div class=\"elementor-image\">\n\t\t\t\t\t\t\t<figure class=\"wp-caption\">\n\t\t\t\t\t\t\t\t\t\t\t<a href=\"https:\/\/famonterrey.org\/wp-content\/uploads\/2020\/12\/Recurso-6-100.jpg\" data-elementor-open-lightbox=\"yes\">\n\t\t\t\t\t\t\t<img width=\"583\" height=\"667\" src=\"https:\/\/famonterrey.org\/wp-content\/uploads\/2020\/12\/Recurso-6-100.jpg\" class=\"attachment-large size-large\" alt=\"\" loading=\"lazy\" srcset=\"https:\/\/famonterrey.org\/wp-content\/uploads\/2020\/12\/Recurso-6-100.jpg 583w, https:\/\/famonterrey.org\/wp-content\/uploads\/2020\/12\/Recurso-6-100-262x300.jpg 262w\" sizes=\"(max-width: 583px) 100vw, 583px\" \/>\t\t\t\t\t\t\t\t<\/a>\n\t\t\t\t\t\t\t\t\t\t\t<figcaption class=\"widget-image-caption wp-caption-text\">Suelen preferir la soledad o estar acompa\u00f1ados solo por su pareja. El p\u00e1jaro barranquero es bastante tranquilo pero territorial, pudiendo permanecer inm\u00f3vil durante largos periodos de tiempo. Aunque en otros momentos se mueve incesantemente de un lado a otro.<\/figcaption>\n\t\t\t\t\t\t\t\t\t\t<\/figure>\n\t\t\t\t\t<\/div>\n\t\t\t\t<\/div>\n\t\t\t\t<\/div>\n\t\t\t\t<div class=\"elementor-element elementor-element-449eb61 elementor-widget elementor-widget-spacer\" data-id=\"449eb61\" data-element_type=\"widget\" data-widget_type=\"spacer.default\">\n\t\t\t\t<div class=\"elementor-widget-container\">\n\t\t\t\t\t<div class=\"elementor-spacer\">\n\t\t\t<div class=\"elementor-spacer-inner\"><\/div>\n\t\t<\/div>\n\t\t\t\t<\/div>\n\t\t\t\t<\/div>\n\t\t\t\t<div class=\"elementor-element elementor-element-d344564 elementor-widget elementor-widget-image\" data-id=\"d344564\" data-element_type=\"widget\" data-widget_type=\"image.default\">\n\t\t\t\t<div class=\"elementor-widget-container\">\n\t\t\t\t\t<div class=\"elementor-image\">\n\t\t\t\t\t\t\t\t\t\t<img width=\"548\" height=\"463\" src=\"https:\/\/famonterrey.org\/wp-content\/uploads\/2020\/12\/Captura-de-Pantalla-2020-12-16-a-las-11.49.56-a.-m..png\" class=\"attachment-large size-large\" alt=\"\" loading=\"lazy\" srcset=\"https:\/\/famonterrey.org\/wp-content\/uploads\/2020\/12\/Captura-de-Pantalla-2020-12-16-a-las-11.49.56-a.-m..png 548w, https:\/\/famonterrey.org\/wp-content\/uploads\/2020\/12\/Captura-de-Pantalla-2020-12-16-a-las-11.49.56-a.-m.-300x253.png 300w\" sizes=\"(max-width: 548px) 100vw, 548px\" \/>\t\t\t\t\t\t\t\t\t\t\t<\/div>\n\t\t\t\t<\/div>\n\t\t\t\t<\/div>\n\t\t\t\t<div class=\"elementor-element elementor-element-c491670 elementor-widget elementor-widget-heading\" data-id=\"c491670\" data-element_type=\"widget\" data-widget_type=\"heading.default\">\n\t\t\t\t<div class=\"elementor-widget-container\">\n\t\t\t<h2 class=\"elementor-heading-title elementor-size-default\"><a href=\"https:\/\/www.instagram.com\/explore\/tags\/flora\/\" target=\"_blank\">#FLORA<\/a><\/h2>\t\t<\/div>\n\t\t\t\t<\/div>\n\t\t\t\t<div class=\"elementor-element elementor-element-f6a9002 elementor-widget elementor-widget-heading\" data-id=\"f6a9002\" data-element_type=\"widget\" data-widget_type=\"heading.default\">\n\t\t\t\t<div class=\"elementor-widget-container\">\n\t\t\t<h2 class=\"elementor-heading-title elementor-size-default\"><a href=\"https:\/\/www.instagram.com\/explore\/tags\/fauna\/\" target=\"_blank\">#FAUNA<\/a><\/h2>\t\t<\/div>\n\t\t\t\t<\/div>\n\t\t\t\t\t\t<\/div>\n\t\t\t<\/div>\n\t\t<\/div>\n\t\t\t\t<div class=\"elementor-element elementor-element-83651e6 elementor-column elementor-col-33 elementor-top-column\" data-id=\"83651e6\" data-element_type=\"column\">\n\t\t\t<div class=\"elementor-column-wrap  elementor-element-populated\">\n\t\t\t\t\t<div class=\"elementor-widget-wrap\">\n\t\t\t\t<div class=\"elementor-element elementor-element-d474f57 elementor-widget elementor-widget-text-editor\" data-id=\"d474f57\" data-element_type=\"widget\" data-widget_type=\"text-editor.default\">\n\t\t\t\t<div class=\"elementor-widget-container\">\n\t\t\t\t\t<div class=\"elementor-text-editor elementor-clearfix\"><h2><strong>LORO VERDE<\/strong><\/h2><p>AMAZONA FARINOSA<\/p><\/div>\n\t\t\t\t<\/div>\n\t\t\t\t<\/div>\n\t\t\t\t<div class=\"elementor-element elementor-element-1b5df3a elementor-widget elementor-widget-image\" data-id=\"1b5df3a\" data-element_type=\"widget\" data-widget_type=\"image.default\">\n\t\t\t\t<div class=\"elementor-widget-container\">\n\t\t\t\t\t<div class=\"elementor-image\">\n\t\t\t\t\t\t\t<figure class=\"wp-caption\">\n\t\t\t\t\t\t\t\t\t\t<img width=\"530\" height=\"495\" src=\"https:\/\/famonterrey.org\/wp-content\/uploads\/2020\/12\/Recurso-7-100.jpg\" class=\"attachment-large size-large\" alt=\"\" loading=\"lazy\" srcset=\"https:\/\/famonterrey.org\/wp-content\/uploads\/2020\/12\/Recurso-7-100.jpg 530w, https:\/\/famonterrey.org\/wp-content\/uploads\/2020\/12\/Recurso-7-100-300x280.jpg 300w\" sizes=\"(max-width: 530px) 100vw, 530px\" \/>\t\t\t\t\t\t\t\t\t\t\t<figcaption class=\"widget-image-caption wp-caption-text\">El loro farinoso amaz\u00f3nico, tambi\u00e9n conocido como lora real, loro corona azul y loro verde,  es una especie de ave de la familia de los loros ampliamente distribuida desde Sudam\u00e9rica, pasando por Am\u00e9rica Central, y hasta M\u00e9xico.<\/figcaption>\n\t\t\t\t\t\t\t\t\t\t<\/figure>\n\t\t\t\t\t<\/div>\n\t\t\t\t<\/div>\n\t\t\t\t<\/div>\n\t\t\t\t<div class=\"elementor-element elementor-element-e78f204 elementor-widget elementor-widget-spacer\" data-id=\"e78f204\" data-element_type=\"widget\" data-widget_type=\"spacer.default\">\n\t\t\t\t<div class=\"elementor-widget-container\">\n\t\t\t\t\t<div class=\"elementor-spacer\">\n\t\t\t<div class=\"elementor-spacer-inner\"><\/div>\n\t\t<\/div>\n\t\t\t\t<\/div>\n\t\t\t\t<\/div>\n\t\t\t\t<div class=\"elementor-element elementor-element-cf088c1 elementor-widget elementor-widget-text-editor\" data-id=\"cf088c1\" data-element_type=\"widget\" data-widget_type=\"text-editor.default\">\n\t\t\t\t<div class=\"elementor-widget-container\">\n\t\t\t\t\t<div class=\"elementor-text-editor elementor-clearfix\"><h2><b>GAVIL\u00c1N<\/b><\/h2><p>ACCIPITER NISUS<\/p><\/div>\n\t\t\t\t<\/div>\n\t\t\t\t<\/div>\n\t\t\t\t<div class=\"elementor-element elementor-element-755018f elementor-widget elementor-widget-image\" data-id=\"755018f\" data-element_type=\"widget\" data-widget_type=\"image.default\">\n\t\t\t\t<div class=\"elementor-widget-container\">\n\t\t\t\t\t<div class=\"elementor-image\">\n\t\t\t\t\t\t\t<figure class=\"wp-caption\">\n\t\t\t\t\t\t\t\t\t\t<img width=\"536\" height=\"648\" src=\"https:\/\/famonterrey.org\/wp-content\/uploads\/2020\/12\/Recurso-10-100.jpg\" class=\"attachment-medium_large size-medium_large\" alt=\"\" loading=\"lazy\" srcset=\"https:\/\/famonterrey.org\/wp-content\/uploads\/2020\/12\/Recurso-10-100.jpg 536w, https:\/\/famonterrey.org\/wp-content\/uploads\/2020\/12\/Recurso-10-100-248x300.jpg 248w\" sizes=\"(max-width: 536px) 100vw, 536px\" \/>\t\t\t\t\t\t\t\t\t\t\t<figcaption class=\"widget-image-caption wp-caption-text\">Es un importante depredador de peque\u00f1os p\u00e1jaros del bosque Su t\u00e9cnica consiste en ataques sorpresivos, usando \u00e1reas de su h\u00e1bitat que siempre est\u00e9n cubiertas para ocultarse<\/figcaption>\n\t\t\t\t\t\t\t\t\t\t<\/figure>\n\t\t\t\t\t<\/div>\n\t\t\t\t<\/div>\n\t\t\t\t<\/div>\n\t\t\t\t\t\t<\/div>\n\t\t\t<\/div>\n\t\t<\/div>\n\t\t\t\t<div class=\"elementor-element elementor-element-dd8b023 elementor-column elementor-col-33 elementor-top-column\" data-id=\"dd8b023\" data-element_type=\"column\">\n\t\t\t<div class=\"elementor-column-wrap  elementor-element-populated\">\n\t\t\t\t\t<div class=\"elementor-widget-wrap\">\n\t\t\t\t<div class=\"elementor-element elementor-element-4309335 elementor-widget elementor-widget-text-editor\" data-id=\"4309335\" data-element_type=\"widget\" data-widget_type=\"text-editor.default\">\n\t\t\t\t<div class=\"elementor-widget-container\">\n\t\t\t\t\t<div class=\"elementor-text-editor elementor-clearfix\"><h2><b>CARPINTERO REAL<\/b><\/h2><p>CAMPEPHILUS PRINCIPALES<\/p><\/div>\n\t\t\t\t<\/div>\n\t\t\t\t<\/div>\n\t\t\t\t<div class=\"elementor-element elementor-element-7db3df4 elementor-widget elementor-widget-image\" data-id=\"7db3df4\" data-element_type=\"widget\" data-widget_type=\"image.default\">\n\t\t\t\t<div class=\"elementor-widget-container\">\n\t\t\t\t\t<div class=\"elementor-image\">\n\t\t\t\t\t\t\t<figure class=\"wp-caption\">\n\t\t\t\t\t\t\t\t\t\t<img width=\"548\" height=\"1097\" src=\"https:\/\/famonterrey.org\/wp-content\/uploads\/2020\/12\/Recurso-8-100.jpg\" class=\"attachment-medium_large size-medium_large\" alt=\"\" loading=\"lazy\" srcset=\"https:\/\/famonterrey.org\/wp-content\/uploads\/2020\/12\/Recurso-8-100.jpg 548w, https:\/\/famonterrey.org\/wp-content\/uploads\/2020\/12\/Recurso-8-100-150x300.jpg 150w, https:\/\/famonterrey.org\/wp-content\/uploads\/2020\/12\/Recurso-8-100-512x1024.jpg 512w\" sizes=\"(max-width: 548px) 100vw, 548px\" \/>\t\t\t\t\t\t\t\t\t\t\t<figcaption class=\"widget-image-caption wp-caption-text\">Se piensa que el Carpintero real se empareja de por vida. Las parejas se desplazan juntas apare\u00e1ndose cada a\u00f1o entre enero y mayo. Antes de poner los huevos, la pareja excava un nido de un \u00e1rbol muerto o enfermo a unos 15 metros de altura. Normalmente la puesta consta de 2 a 5 huevos que se incuban durante 3-5 semanas<\/figcaption>\n\t\t\t\t\t\t\t\t\t\t<\/figure>\n\t\t\t\t\t<\/div>\n\t\t\t\t<\/div>\n\t\t\t\t<\/div>\n\t\t\t\t\t\t<\/div>\n\t\t\t<\/div>\n\t\t<\/div>\n\t\t\t\t\t\t<\/div>\n\t\t\t<\/div>\n\t\t<\/section>\n\t\t\t\t<section class=\"elementor-element elementor-element-3c6bcef elementor-section-boxed elementor-section-height-default elementor-section-height-default elementor-section elementor-top-section\" data-id=\"3c6bcef\" data-element_type=\"section\">\n\t\t\t\t\t\t<div class=\"elementor-container elementor-column-gap-default\">\n\t\t\t\t<div class=\"elementor-row\">\n\t\t\t\t<div class=\"elementor-element elementor-element-67a2588 elementor-column elementor-col-66 elementor-top-column\" data-id=\"67a2588\" data-element_type=\"column\">\n\t\t\t<div class=\"elementor-column-wrap  elementor-element-populated\">\n\t\t\t\t\t<div class=\"elementor-widget-wrap\">\n\t\t\t\t<div class=\"elementor-element elementor-element-9446193 elementor-widget elementor-widget-text-editor\" data-id=\"9446193\" data-element_type=\"widget\" data-widget_type=\"text-editor.default\">\n\t\t\t\t<div class=\"elementor-widget-container\">\n\t\t\t\t\t<div class=\"elementor-text-editor elementor-clearfix\"><h2><b>LECHUZA<\/b><\/h2>\n<p>TYTO ALBA<\/p><\/div>\n\t\t\t\t<\/div>\n\t\t\t\t<\/div>\n\t\t\t\t<div class=\"elementor-element elementor-element-0f290c9 elementor-widget elementor-widget-image\" data-id=\"0f290c9\" data-element_type=\"widget\" data-widget_type=\"image.default\">\n\t\t\t\t<div class=\"elementor-widget-container\">\n\t\t\t\t\t<div class=\"elementor-image\">\n\t\t\t\t\t\t\t<figure class=\"wp-caption\">\n\t\t\t\t\t\t\t\t\t\t<img width=\"768\" height=\"369\" src=\"https:\/\/famonterrey.org\/wp-content\/uploads\/2020\/12\/Recurso-12-100-768x369.jpg\" class=\"attachment-medium_large size-medium_large\" alt=\"\" loading=\"lazy\" srcset=\"https:\/\/famonterrey.org\/wp-content\/uploads\/2020\/12\/Recurso-12-100-768x369.jpg 768w, https:\/\/famonterrey.org\/wp-content\/uploads\/2020\/12\/Recurso-12-100-300x144.jpg 300w, https:\/\/famonterrey.org\/wp-content\/uploads\/2020\/12\/Recurso-12-100-1024x492.jpg 1024w, https:\/\/famonterrey.org\/wp-content\/uploads\/2020\/12\/Recurso-12-100.jpg 1155w\" sizes=\"(max-width: 768px) 100vw, 768px\" \/>\t\t\t\t\t\t\t\t\t\t\t<figcaption class=\"widget-image-caption wp-caption-text\">Para cazar se muestran muy observadoras, moviendo imperceptiblemente la cabeza, en ocasiones, se lanza desde una posici\u00f3n elevada. Posee una visi\u00f3n excelente cuando hay poca luz, y su o\u00eddo es tan preciso que puede atacar a su presa en una oscuridad total<\/figcaption>\n\t\t\t\t\t\t\t\t\t\t<\/figure>\n\t\t\t\t\t<\/div>\n\t\t\t\t<\/div>\n\t\t\t\t<\/div>\n\t\t\t\t\t\t<\/div>\n\t\t\t<\/div>\n\t\t<\/div>\n\t\t\t\t<div class=\"elementor-element elementor-element-f9eb694 elementor-column elementor-col-33 elementor-top-column\" data-id=\"f9eb694\" data-element_type=\"column\">\n\t\t\t<div class=\"elementor-column-wrap  elementor-element-populated\">\n\t\t\t\t\t<div class=\"elementor-widget-wrap\">\n\t\t\t\t<div class=\"elementor-element elementor-element-8a8f66e elementor-widget elementor-widget-text-editor\" data-id=\"8a8f66e\" data-element_type=\"widget\" data-widget_type=\"text-editor.default\">\n\t\t\t\t<div class=\"elementor-widget-container\">\n\t\t\t\t\t<div class=\"elementor-text-editor elementor-clearfix\"><h2><strong>TUC\u00c1N VERDE<\/strong><\/h2><p>AULACORHYNCHUS PRASINUS\u00a0\u00a0<\/p><\/div>\n\t\t\t\t<\/div>\n\t\t\t\t<\/div>\n\t\t\t\t<div class=\"elementor-element elementor-element-8a41d60 elementor-widget elementor-widget-image\" data-id=\"8a41d60\" data-element_type=\"widget\" data-widget_type=\"image.default\">\n\t\t\t\t<div class=\"elementor-widget-container\">\n\t\t\t\t\t<div class=\"elementor-image\">\n\t\t\t\t\t\t\t<figure class=\"wp-caption\">\n\t\t\t\t\t\t\t\t\t\t<img width=\"554\" height=\"501\" src=\"https:\/\/famonterrey.org\/wp-content\/uploads\/2020\/12\/Recurso-11-100.jpg\" class=\"attachment-large size-large\" alt=\"\" loading=\"lazy\" srcset=\"https:\/\/famonterrey.org\/wp-content\/uploads\/2020\/12\/Recurso-11-100.jpg 554w, https:\/\/famonterrey.org\/wp-content\/uploads\/2020\/12\/Recurso-11-100-300x271.jpg 300w\" sizes=\"(max-width: 554px) 100vw, 554px\" \/>\t\t\t\t\t\t\t\t\t\t\t<figcaption class=\"widget-image-caption wp-caption-text\">Esta ave es generalmente un reproductor residente en bosques h\u00famedos, y m\u00e1s, en selva abierta, principalmente en elevaciones altas. <\/figcaption>\n\t\t\t\t\t\t\t\t\t\t<\/figure>\n\t\t\t\t\t<\/div>\n\t\t\t\t<\/div>\n\t\t\t\t<\/div>\n\t\t\t\t\t\t<\/div>\n\t\t\t<\/div>\n\t\t<\/div>\n\t\t\t\t\t\t<\/div>\n\t\t\t<\/div>\n\t\t<\/section>\n\t\t\t\t<section class=\"elementor-element elementor-element-c4b4a54 elementor-section-boxed elementor-section-height-default elementor-section-height-default elementor-section elementor-top-section\" data-id=\"c4b4a54\" data-element_type=\"section\">\n\t\t\t\t\t\t<div class=\"elementor-container elementor-column-gap-default\">\n\t\t\t\t<div class=\"elementor-row\">\n\t\t\t\t\t\t<\/div>\n\t\t\t<\/div>\n\t\t<\/section>\n\t\t\t\t\t\t<\/div>\n\t\t\t<\/div>\n\t\t<\/div>","protected":false},"excerpt":{"rendered":"<p>Si deseas tener una gran experiencia. ven y disfruta los maravillosos sonidos que puede ofrecerte las aves y la naturaleza en un espacio pensado para todos. si deseas pasar un rato agradable con un guia especializado en el tema, no dudes en escribirnos para organizar tu tour .\u00a0\u00a0 BARRANQUERO MOMUTUS MOMOTA AEQUATORIALIS Suelen preferir la [&hellip;]<\/p>","protected":false},"author":1,"featured_media":0,"parent":1248,"menu_order":0,"comment_status":"closed","ping_status":"closed","template":"elementor_header_footer","meta":[],"_links":{"self":[{"href":"https:\/\/famonterrey.org\/en\/wp-json\/wp\/v2\/pages\/1383"}],"collection":[{"href":"https:\/\/famonterrey.org\/en\/wp-json\/wp\/v2\/pages"}],"about":[{"href":"https:\/\/famonterrey.org\/en\/wp-json\/wp\/v2\/types\/page"}],"author":[{"embeddable":true,"href":"https:\/\/famonterrey.org\/en\/wp-json\/wp\/v2\/users\/1"}],"replies":[{"embeddable":true,"href":"https:\/\/famonterrey.org\/en\/wp-json\/wp\/v2\/comments?post=1383"}],"version-history":[{"count":40,"href":"https:\/\/famonterrey.org\/en\/wp-json\/wp\/v2\/pages\/1383\/revisions"}],"predecessor-version":[{"id":3383,"href":"https:\/\/famonterrey.org\/en\/wp-json\/wp\/v2\/pages\/1383\/revisions\/3383"}],"up":[{"embeddable":true,"href":"https:\/\/famonterrey.org\/en\/wp-json\/wp\/v2\/pages\/1248"}],"wp:attachment":[{"href":"https:\/\/famonterrey.org\/en\/wp-json\/wp\/v2\/media?parent=1383"}],"curies":[{"name":"wp","href":"https:\/\/api.w.org\/{rel}","templated":true}]}}